{"id":31,"date":"2024-05-31T17:54:37","date_gmt":"2024-05-31T17:54:37","guid":{"rendered":"https:\/\/craftdummy.todosalaweb.com\/?page_id=31"},"modified":"2024-06-01T13:08:30","modified_gmt":"2024-06-01T13:08:30","slug":"about-us","status":"publish","type":"page","link":"https:\/\/craftdummy.com\/es\/about-us\/","title":{"rendered":"Sobre nosotros"},"content":{"rendered":"<div data-elementor-type=\"wp-page\" data-elementor-id=\"31\" class=\"elementor elementor-31\" data-elementor-post-type=\"page\">\n\t\t\t\t<div class=\"elementor-element elementor-element-2311c3d e-flex e-con-boxed e-con e-parent\" data-id=\"2311c3d\" data-element_type=\"container\" data-settings=\"{&quot;background_background&quot;:&quot;classic&quot;}\">\n\t\t\t\t\t<div class=\"e-con-inner\">\n\t\t\t\t<div class=\"elementor-element elementor-element-adf25ea elementor-widget-mobile__width-initial elementor-widget elementor-widget-heading\" data-id=\"adf25ea\" data-element_type=\"widget\" data-widget_type=\"heading.default\">\n\t\t\t\t<div class=\"elementor-widget-container\">\n\t\t\t<style>\/*! elementor - v3.21.0 - 20-05-2024 *\/\n.elementor-heading-title{padding:0;margin:0;line-height:1}.elementor-widget-heading .elementor-heading-title[class*=elementor-size-]>a{color:inherit;font-size:inherit;line-height:inherit}.elementor-widget-heading .elementor-heading-title.elementor-size-small{font-size:15px}.elementor-widget-heading .elementor-heading-title.elementor-size-medium{font-size:19px}.elementor-widget-heading .elementor-heading-title.elementor-size-large{font-size:29px}.elementor-widget-heading .elementor-heading-title.elementor-size-xl{font-size:39px}.elementor-widget-heading .elementor-heading-title.elementor-size-xxl{font-size:59px}<\/style><h2 class=\"elementor-heading-title elementor-size-default translation-block\">Donde la elegancia en los negocios conoce la verdadera arena<\/h2>\t\t<\/div>\n\t\t\t\t<\/div>\n\t\t\t\t\t<\/div>\n\t\t\t\t<\/div>\n\t\t<div class=\"elementor-element elementor-element-a3f007c e-flex e-con-boxed e-con e-parent\" data-id=\"a3f007c\" data-element_type=\"container\">\n\t\t\t\t\t<div class=\"e-con-inner\">\n\t\t<div class=\"elementor-element elementor-element-d0161ff e-flex e-con-boxed e-con e-child\" data-id=\"d0161ff\" data-element_type=\"container\">\n\t\t\t\t\t<div class=\"e-con-inner\">\n\t\t<div class=\"elementor-element elementor-element-0a26d0f e-flex e-con-boxed e-con e-child\" data-id=\"0a26d0f\" data-element_type=\"container\">\n\t\t\t\t\t<div class=\"e-con-inner\">\n\t\t\t\t<div class=\"elementor-element elementor-element-cd1d1c2 elementor-widget elementor-widget-text-editor\" data-id=\"cd1d1c2\" data-element_type=\"widget\" data-widget_type=\"text-editor.default\">\n\t\t\t\t<div class=\"elementor-widget-container\">\n\t\t\t<style>\/*! elementor - v3.21.0 - 20-05-2024 *\/\n.elementor-widget-text-editor.elementor-drop-cap-view-stacked .elementor-drop-cap{background-color:#69727d;color:#fff}.elementor-widget-text-editor.elementor-drop-cap-view-framed .elementor-drop-cap{color:#69727d;border:3px solid;background-color:transparent}.elementor-widget-text-editor:not(.elementor-drop-cap-view-default) .elementor-drop-cap{margin-top:8px}.elementor-widget-text-editor:not(.elementor-drop-cap-view-default) .elementor-drop-cap-letter{width:1em;height:1em}.elementor-widget-text-editor .elementor-drop-cap{float:left;text-align:center;line-height:1;font-size:50px}.elementor-widget-text-editor .elementor-drop-cap-letter{display:inline-block}<\/style>\t\t\t\t<p>Nuestra historia comienza en nuestras ra\u00edces de emprendedores globales. Ciudadanos del mundo, nuestro primer negocio fue en suelo estadounidense, elaborando cerveza artesanal y destilando licores para la sedienta Am\u00e9rica. Frustrados por el estancado proceso de importaci\u00f3n y distribuci\u00f3n, decidimos hacerlo nosotros mismos. Todo estaba listo para la innovaci\u00f3n. Pensamos: si no es ahora, \u00bfcu\u00e1ndo? Si no lo hacemos nosotros, \u00bfqui\u00e9n?<\/p>\t\t\t\t\t\t<\/div>\n\t\t\t\t<\/div>\n\t\t\t\t\t<\/div>\n\t\t\t\t<\/div>\n\t\t<div class=\"elementor-element elementor-element-4f70df1 e-flex e-con-boxed e-con e-child\" data-id=\"4f70df1\" data-element_type=\"container\">\n\t\t\t\t\t<div class=\"e-con-inner\">\n\t\t\t\t<div class=\"elementor-element elementor-element-2b89115 elementor-widget__width-initial elementor-widget elementor-widget-heading\" data-id=\"2b89115\" data-element_type=\"widget\" data-widget_type=\"heading.default\">\n\t\t\t\t<div class=\"elementor-widget-container\">\n\t\t\t<h2 class=\"elementor-heading-title elementor-size-default\">En lugar de mantener \nconexiones \nconstruimos puentes.<\/h2>\t\t<\/div>\n\t\t\t\t<\/div>\n\t\t\t\t\t<\/div>\n\t\t\t\t<\/div>\n\t\t\t\t\t<\/div>\n\t\t\t\t<\/div>\n\t\t<div class=\"elementor-element elementor-element-56f5306 e-flex e-con-boxed e-con e-child\" data-id=\"56f5306\" data-element_type=\"container\">\n\t\t\t\t\t<div class=\"e-con-inner\">\n\t\t<div class=\"elementor-element elementor-element-b5eac19 e-flex e-con-boxed e-con e-child\" data-id=\"b5eac19\" data-element_type=\"container\">\n\t\t\t\t\t<div class=\"e-con-inner\">\n\t\t\t\t<div class=\"elementor-element elementor-element-0e171fd elementor-widget elementor-widget-text-editor\" data-id=\"0e171fd\" data-element_type=\"widget\" data-widget_type=\"text-editor.default\">\n\t\t\t\t<div class=\"elementor-widget-container\">\n\t\t\t\t\t\t\t<p>En lugar de mantener conexiones para ahorrar dinero al otro, tendimos puentes. Con la transparencia como objetivo clave, creamos asociaciones estrat\u00e9gicas que agilizaron todo el proceso de importaci\u00f3n.<\/p><p>A continuaci\u00f3n abordamos la distribuci\u00f3n. Nos enfrentamos a todos los obst\u00e1culos para llevar nuestro producto a las estanter\u00edas. Nuestra visi\u00f3n \u00fanica como empresarios e importadores nos permiti\u00f3 ver el proceso desde una perspectiva totalmente nueva. Con agallas, creatividad y tecnolog\u00eda innovadora, eliminamos las barreras que tradicionalmente imped\u00edan a los minoristas aceptar productos desconocidos.<\/p>\t\t\t\t\t\t<\/div>\n\t\t\t\t<\/div>\n\t\t\t\t<div class=\"elementor-element elementor-element-d619469 elementor-widget__width-initial elementor-widget elementor-widget-heading\" data-id=\"d619469\" data-element_type=\"widget\" data-widget_type=\"heading.default\">\n\t\t\t\t<div class=\"elementor-widget-container\">\n\t\t\t<h2 class=\"elementor-heading-title elementor-size-default\">Con agallas, creatividad y tecnolog\u00eda innovadora \neliminamos las barreras que tradicionalmente \na los minoristas aceptar productos desconocidos.<\/h2>\t\t<\/div>\n\t\t\t\t<\/div>\n\t\t\t\t<div class=\"elementor-element elementor-element-d0703bf elementor-widget elementor-widget-text-editor\" data-id=\"d0703bf\" data-element_type=\"widget\" data-widget_type=\"text-editor.default\">\n\t\t\t\t<div class=\"elementor-widget-container\">\n\t\t\t\t\t\t\t<p><b>\u00bfEl resultado? <\/b>Los minoristas ofrecen una variedad m\u00e1s amplia de productos sin ninguno de los riesgos asociados. Las principales marcas mundiales disfrutan de un proceso de importaci\u00f3n y distribuci\u00f3n transparente y sin fisuras y, en \u00faltima instancia, prosperan en el mercado estadounidense. Todos ganan.<\/p>\t\t\t\t\t\t<\/div>\n\t\t\t\t<\/div>\n\t\t\t\t\t<\/div>\n\t\t\t\t<\/div>\n\t\t<div class=\"elementor-element elementor-element-921b0c5 e-flex e-con-boxed e-con e-child\" data-id=\"921b0c5\" data-element_type=\"container\">\n\t\t\t\t\t<div class=\"e-con-inner\">\n\t\t\t\t<div class=\"elementor-element elementor-element-ccd8656 elementor-widget elementor-widget-image\" data-id=\"ccd8656\" data-element_type=\"widget\" data-widget_type=\"image.default\">\n\t\t\t\t<div class=\"elementor-widget-container\">\n\t\t\t<style>\/*! elementor - v3.21.0 - 20-05-2024 *\/\n.elementor-widget-image{text-align:center}.elementor-widget-image a{display:inline-block}.elementor-widget-image a img[src$=\".svg\"]{width:48px}.elementor-widget-image img{vertical-align:middle;display:inline-block}<\/style>\t\t\t\t\t\t\t\t\t\t<img fetchpriority=\"high\" decoding=\"async\" width=\"800\" height=\"593\" src=\"https:\/\/craftdummy.com\/wp-content\/uploads\/2024\/05\/CraftDummy-Illustrations_1-05.webp\" class=\"attachment-large size-large wp-image-272\" alt=\"\" srcset=\"https:\/\/craftdummy.com\/wp-content\/uploads\/2024\/05\/CraftDummy-Illustrations_1-05.webp 880w, https:\/\/craftdummy.com\/wp-content\/uploads\/2024\/05\/CraftDummy-Illustrations_1-05-300x222.webp 300w, https:\/\/craftdummy.com\/wp-content\/uploads\/2024\/05\/CraftDummy-Illustrations_1-05-768x569.webp 768w\" sizes=\"(max-width: 800px) 100vw, 800px\" \/>\t\t\t\t\t\t\t\t\t\t\t\t\t<\/div>\n\t\t\t\t<\/div>\n\t\t\t\t\t<\/div>\n\t\t\t\t<\/div>\n\t\t\t\t\t<\/div>\n\t\t\t\t<\/div>\n\t\t\t\t\t<\/div>\n\t\t\t\t<\/div>\n\t\t<div class=\"elementor-element elementor-element-14e9d16 e-flex e-con-boxed e-con e-parent\" data-id=\"14e9d16\" data-element_type=\"container\">\n\t\t\t\t\t<div class=\"e-con-inner\">\n\t\t\t\t<div class=\"elementor-element elementor-element-e8328bd elementor-widget__width-initial elementor-widget elementor-widget-heading\" data-id=\"e8328bd\" data-element_type=\"widget\" data-widget_type=\"heading.default\">\n\t\t\t\t<div class=\"elementor-widget-container\">\n\t\t\t<h2 class=\"elementor-heading-title elementor-size-default\">Nuestras oficinas<\/h2>\t\t<\/div>\n\t\t\t\t<\/div>\n\t\t\t\t<div class=\"elementor-element elementor-element-e0c8ca3 elementor-widget__width-initial elementor-widget elementor-widget-text-editor\" data-id=\"e0c8ca3\" data-element_type=\"widget\" data-widget_type=\"text-editor.default\">\n\t\t\t\t<div class=\"elementor-widget-container\">\n\t\t\t\t\t\t\t<p>CraftDummy tiene oficinas en todo el mundo, especializadas en los mercados de Sudam\u00e9rica y Centroam\u00e9rica.<\/p>\t\t\t\t\t\t<\/div>\n\t\t\t\t<\/div>\n\t\t\t\t<div class=\"elementor-element elementor-element-508bf8b elementor-widget elementor-widget-image\" data-id=\"508bf8b\" data-element_type=\"widget\" data-widget_type=\"image.default\">\n\t\t\t\t<div class=\"elementor-widget-container\">\n\t\t\t\t\t\t\t\t\t\t\t\t\t<img decoding=\"async\" width=\"1920\" height=\"986\" src=\"https:\/\/craftdummy.com\/wp-content\/uploads\/2024\/05\/CraftDummy-Illustrations_1-06.webp\" class=\"attachment-full size-full wp-image-271\" alt=\"\" srcset=\"https:\/\/craftdummy.com\/wp-content\/uploads\/2024\/05\/CraftDummy-Illustrations_1-06.webp 1920w, https:\/\/craftdummy.com\/wp-content\/uploads\/2024\/05\/CraftDummy-Illustrations_1-06-300x154.webp 300w, https:\/\/craftdummy.com\/wp-content\/uploads\/2024\/05\/CraftDummy-Illustrations_1-06-1024x526.webp 1024w, https:\/\/craftdummy.com\/wp-content\/uploads\/2024\/05\/CraftDummy-Illustrations_1-06-768x394.webp 768w, https:\/\/craftdummy.com\/wp-content\/uploads\/2024\/05\/CraftDummy-Illustrations_1-06-1536x789.webp 1536w\" sizes=\"(max-width: 1920px) 100vw, 1920px\" \/>\t\t\t\t\t\t\t\t\t\t\t\t\t<\/div>\n\t\t\t\t<\/div>\n\t\t\t\t\t<\/div>\n\t\t\t\t<\/div>\n\t\t\t\t<\/div>","protected":false},"excerpt":{"rendered":"<p>Where business elegance meets true grit Our story starts at our global entrepreneur roots. Citizens of the world,\u00a0our first business was on US soil, brewing craft beer and distilling spirits\u00a0for thirsty America. Frustrated by the bogged-down import &amp;\u00a0distribution process, we decided to do it ourselves. The whole thing was\u00a0ripe for innovation. We thought, if not [&hellip;]<\/p>","protected":false},"author":1,"featured_media":0,"parent":0,"menu_order":0,"comment_status":"closed","ping_status":"closed","template":"","meta":{"footnotes":""},"class_list":["post-31","page","type-page","status-publish","hentry"],"_links":{"self":[{"href":"https:\/\/craftdummy.com\/es\/wp-json\/wp\/v2\/pages\/31","targetHints":{"allow":["GET"]}}],"collection":[{"href":"https:\/\/craftdummy.com\/es\/wp-json\/wp\/v2\/pages"}],"about":[{"href":"https:\/\/craftdummy.com\/es\/wp-json\/wp\/v2\/types\/page"}],"author":[{"embeddable":true,"href":"https:\/\/craftdummy.com\/es\/wp-json\/wp\/v2\/users\/1"}],"replies":[{"embeddable":true,"href":"https:\/\/craftdummy.com\/es\/wp-json\/wp\/v2\/comments?post=31"}],"version-history":[{"count":145,"href":"https:\/\/craftdummy.com\/es\/wp-json\/wp\/v2\/pages\/31\/revisions"}],"predecessor-version":[{"id":899,"href":"https:\/\/craftdummy.com\/es\/wp-json\/wp\/v2\/pages\/31\/revisions\/899"}],"wp:attachment":[{"href":"https:\/\/craftdummy.com\/es\/wp-json\/wp\/v2\/media?parent=31"}],"curies":[{"name":"wp","href":"https:\/\/api.w.org\/{rel}","templated":true}]}}